{"id":423,"date":"2025-04-24T18:02:31","date_gmt":"2025-04-24T18:02:31","guid":{"rendered":"https:\/\/quickhomesllc.com\/?post_type=product&#038;p=423"},"modified":"2025-11-13T14:40:14","modified_gmt":"2025-11-13T14:40:14","slug":"barbies-house","status":"publish","type":"product","link":"http:\/\/quickhomesllc.com\/es\/casita\/grand-canyon-zia\/","title":{"rendered":"Grand Canyon \/ Zia"},"content":{"rendered":"<p>El modelo Grand Canyon \/ Zia ADU es una opci\u00f3n m\u00e1s amplia. Esta unidad tiene tres rec\u00e1maras con closets empotrados, un ba\u00f1o completo, una sala acogedora ideal para relajarse y una cocina moderna con acabados elegantes, lo que la hace perfecta para quienes buscan comodidad y funcionalidad.<\/p>\n<div class=\"casita_caption__description\">\u00a0<em>Las im\u00e1genes son ilustrativas y pueden diferir del modelo final.<\/em><\/div>","protected":false},"excerpt":{"rendered":"<p>Grand Canyon \/ Zia ADU: 3 Bedrooms, 1\u00a0full bath, modern kitchen,\u00a0cozy living and a washing area.<\/p>","protected":false},"featured_media":527,"comment_status":"open","ping_status":"closed","template":"","meta":{"inline_featured_image":false},"product_brand":[],"product_cat":[98],"product_tag":[],"class_list":{"0":"post-423","1":"product","2":"type-product","3":"status-publish","4":"has-post-thumbnail","6":"product_cat-sin-categorizar","7":"post","8":"post-with-thumbnail","9":"post-with-thumbnail-large","11":"first","12":"instock","13":"shipping-taxable","14":"purchasable","15":"product-type-simple"},"_links":{"self":[{"href":"https:\/\/quickhomesllc.com\/es\/wp-json\/wp\/v2\/product\/423","targetHints":{"allow":["GET"]}}],"collection":[{"href":"https:\/\/quickhomesllc.com\/es\/wp-json\/wp\/v2\/product"}],"about":[{"href":"https:\/\/quickhomesllc.com\/es\/wp-json\/wp\/v2\/types\/product"}],"replies":[{"embeddable":true,"href":"https:\/\/quickhomesllc.com\/es\/wp-json\/wp\/v2\/comments?post=423"}],"wp:featuredmedia":[{"embeddable":true,"href":"https:\/\/quickhomesllc.com\/es\/wp-json\/wp\/v2\/media\/527"}],"wp:attachment":[{"href":"https:\/\/quickhomesllc.com\/es\/wp-json\/wp\/v2\/media?parent=423"}],"wp:term":[{"taxonomy":"product_brand","embeddable":true,"href":"https:\/\/quickhomesllc.com\/es\/wp-json\/wp\/v2\/product_brand?post=423"},{"taxonomy":"product_cat","embeddable":true,"href":"https:\/\/quickhomesllc.com\/es\/wp-json\/wp\/v2\/product_cat?post=423"},{"taxonomy":"product_tag","embeddable":true,"href":"https:\/\/quickhomesllc.com\/es\/wp-json\/wp\/v2\/product_tag?post=423"}],"curies":[{"name":"wp","href":"https:\/\/api.w.org\/{rel}","templated":true}]}}