{"id":371,"date":"2025-03-21T00:28:25","date_gmt":"2025-03-21T00:28:25","guid":{"rendered":"https:\/\/quickhomesllc.com\/?post_type=product&#038;p=371"},"modified":"2025-11-13T14:47:18","modified_gmt":"2025-11-13T14:47:18","slug":"prescott-santa-fe","status":"publish","type":"product","link":"http:\/\/quickhomesllc.com\/es\/casita\/prescott-santa-fe\/","title":{"rendered":"Prescott \/ Santa Fe"},"content":{"rendered":"<p class=\"p1\">El modelo Prescott \/ Santa Fe ADU es una opci\u00f3n de tama\u00f1o medio ideal, con un espacio bien distribuido que incluye una rec\u00e1mara con closet empotrado, un ba\u00f1o completo, una sala acogedora y una cocina moderna, combinando comodidad y funcionalidad.<\/p>\n<p>&nbsp;<\/p>\n<p>&nbsp;<\/p>\n<p><em>Las im\u00e1genes son ilustrativas y pueden diferir del modelo final.<\/em><\/p>","protected":false},"excerpt":{"rendered":"<p>Prescott \/ Santa Fe ADU: tama\u00f1o medio, 1 rec\u00e1mara, ba\u00f1o, cocina y una sala acogedora.<\/p>","protected":false},"featured_media":536,"comment_status":"open","ping_status":"closed","template":"","meta":{"inline_featured_image":false},"product_brand":[],"product_cat":[98],"product_tag":[],"class_list":{"0":"post-371","1":"product","2":"type-product","3":"status-publish","4":"has-post-thumbnail","6":"product_cat-sin-categorizar","7":"post","8":"post-with-thumbnail","9":"post-with-thumbnail-large","11":"first","12":"instock","13":"virtual","14":"purchasable","15":"product-type-simple"},"_links":{"self":[{"href":"https:\/\/quickhomesllc.com\/es\/wp-json\/wp\/v2\/product\/371","targetHints":{"allow":["GET"]}}],"collection":[{"href":"https:\/\/quickhomesllc.com\/es\/wp-json\/wp\/v2\/product"}],"about":[{"href":"https:\/\/quickhomesllc.com\/es\/wp-json\/wp\/v2\/types\/product"}],"replies":[{"embeddable":true,"href":"https:\/\/quickhomesllc.com\/es\/wp-json\/wp\/v2\/comments?post=371"}],"wp:featuredmedia":[{"embeddable":true,"href":"https:\/\/quickhomesllc.com\/es\/wp-json\/wp\/v2\/media\/536"}],"wp:attachment":[{"href":"https:\/\/quickhomesllc.com\/es\/wp-json\/wp\/v2\/media?parent=371"}],"wp:term":[{"taxonomy":"product_brand","embeddable":true,"href":"https:\/\/quickhomesllc.com\/es\/wp-json\/wp\/v2\/product_brand?post=371"},{"taxonomy":"product_cat","embeddable":true,"href":"https:\/\/quickhomesllc.com\/es\/wp-json\/wp\/v2\/product_cat?post=371"},{"taxonomy":"product_tag","embeddable":true,"href":"https:\/\/quickhomesllc.com\/es\/wp-json\/wp\/v2\/product_tag?post=371"}],"curies":[{"name":"wp","href":"https:\/\/api.w.org\/{rel}","templated":true}]}}