{"id":332,"date":"2025-03-05T14:53:50","date_gmt":"2025-03-05T14:53:50","guid":{"rendered":"http:\/\/quickhomesllc.com\/?post_type=product&#038;p=332"},"modified":"2025-11-13T14:44:39","modified_gmt":"2025-11-13T14:44:39","slug":"phoenix-sandia","status":"publish","type":"product","link":"http:\/\/quickhomesllc.com\/es\/casita\/phoenix-sandia\/","title":{"rendered":"Phoenix \/ Sandia"},"content":{"rendered":"<p class=\"p1\">El modelo Phoenix \/ Sandia ADU es nuestra unidad m\u00e1s peque\u00f1a, ideal para quienes buscan un espacio adicional compacto pero funcional. Con 380 pies cuadrados, este dise\u00f1o incluye un ba\u00f1o completo, una rec\u00e1mara, una cocina moderna, acceso al \u00e1tico y m\u00e1s.<\/p>\n<p>&nbsp;<\/p>\n<p>&nbsp;<\/p>\n<p><em>Las im\u00e1genes son ilustrativas y pueden diferir del modelo final.<\/em><\/p>","protected":false},"excerpt":{"rendered":"<p>Phoenix \/ Sandia ADU: compacto, funcional, 1 rec\u00e1mara, ba\u00f1o y cocina.<\/p>","protected":false},"featured_media":532,"comment_status":"open","ping_status":"closed","template":"","meta":{"inline_featured_image":false},"product_brand":[],"product_cat":[98],"product_tag":[],"class_list":{"0":"post-332","1":"product","2":"type-product","3":"status-publish","4":"has-post-thumbnail","6":"product_cat-sin-categorizar","7":"post","8":"post-with-thumbnail","9":"post-with-thumbnail-large","11":"first","12":"instock","13":"virtual","14":"purchasable","15":"product-type-simple"},"_links":{"self":[{"href":"https:\/\/quickhomesllc.com\/es\/wp-json\/wp\/v2\/product\/332","targetHints":{"allow":["GET"]}}],"collection":[{"href":"https:\/\/quickhomesllc.com\/es\/wp-json\/wp\/v2\/product"}],"about":[{"href":"https:\/\/quickhomesllc.com\/es\/wp-json\/wp\/v2\/types\/product"}],"replies":[{"embeddable":true,"href":"https:\/\/quickhomesllc.com\/es\/wp-json\/wp\/v2\/comments?post=332"}],"wp:featuredmedia":[{"embeddable":true,"href":"https:\/\/quickhomesllc.com\/es\/wp-json\/wp\/v2\/media\/532"}],"wp:attachment":[{"href":"https:\/\/quickhomesllc.com\/es\/wp-json\/wp\/v2\/media?parent=332"}],"wp:term":[{"taxonomy":"product_brand","embeddable":true,"href":"https:\/\/quickhomesllc.com\/es\/wp-json\/wp\/v2\/product_brand?post=332"},{"taxonomy":"product_cat","embeddable":true,"href":"https:\/\/quickhomesllc.com\/es\/wp-json\/wp\/v2\/product_cat?post=332"},{"taxonomy":"product_tag","embeddable":true,"href":"https:\/\/quickhomesllc.com\/es\/wp-json\/wp\/v2\/product_tag?post=332"}],"curies":[{"name":"wp","href":"https:\/\/api.w.org\/{rel}","templated":true}]}}